{"id":45481,"date":"2015-02-19T09:48:19","date_gmt":"2015-02-19T08:48:19","guid":{"rendered":"https:\/\/uneagenceimmobiliere.com\/contact-us\/"},"modified":"2025-03-24T18:23:53","modified_gmt":"2025-03-24T17:23:53","slug":"contact-us","status":"publish","type":"page","link":"https:\/\/unemaisonenprovence.ydu.fr\/en\/contact-us\/","title":{"rendered":"Contact us"},"content":{"rendered":"\t\t<div data-elementor-type=\"wp-page\" data-elementor-id=\"45481\" class=\"elementor elementor-45481 elementor-5707\">\n\t\t\t\t\t\t\t\t\t<section class=\"elementor-section elementor-top-section elementor-element elementor-element-74026800 elementor-section-boxed elementor-section-height-default elementor-section-height-default\" data-id=\"74026800\" data-element_type=\"section\">\n\t\t\t\t\t\t<div class=\"elementor-container elementor-column-gap-default\">\n\t\t\t\t\t<div class=\"elementor-column elementor-col-100 elementor-top-column elementor-element elementor-element-283e7a89\" data-id=\"283e7a89\" data-element_type=\"column\">\n\t\t\t<div class=\"elementor-widget-wrap elementor-element-populated\">\n\t\t\t\t\t\t\t\t<div class=\"elementor-element elementor-element-90de319 elementor-widget elementor-widget-text-editor\" data-id=\"90de319\" data-element_type=\"widget\" data-widget_type=\"text-editor.default\">\n\t\t\t\t<div class=\"elementor-widget-container\">\n\t\t\t<style>\/*! elementor - v3.10.1 - 17-01-2023 *\/\n.elementor-widget-text-editor.elementor-drop-cap-view-stacked .elementor-drop-cap{background-color:#818a91;color:#fff}.elementor-widget-text-editor.elementor-drop-cap-view-framed .elementor-drop-cap{color:#818a91;border:3px solid;background-color:transparent}.elementor-widget-text-editor:not(.elementor-drop-cap-view-default) .elementor-drop-cap{margin-top:8px}.elementor-widget-text-editor:not(.elementor-drop-cap-view-default) .elementor-drop-cap-letter{width:1em;height:1em}.elementor-widget-text-editor .elementor-drop-cap{float:left;text-align:center;line-height:1;font-size:50px}.elementor-widget-text-editor .elementor-drop-cap-letter{display:inline-block}<\/style>\t\t\t\t<p>Please kindly complete this form carefully so that we can process your message&#8230;<\/p>\n\t\t\t\t\t\t<\/div>\n\t\t\t\t<\/div>\n\t\t\t\t\t<\/div>\n\t\t<\/div>\n\t\t\t\t\t\t\t<\/div>\n\t\t<\/section>\n\t\t\t\t<section class=\"elementor-section elementor-top-section elementor-element elementor-element-3cee5e5 contactus-form elementor-section-boxed elementor-section-height-default elementor-section-height-default\" data-id=\"3cee5e5\" data-element_type=\"section\">\n\t\t\t\t\t\t<div class=\"elementor-container elementor-column-gap-default\">\n\t\t\t\t\t<div class=\"elementor-column elementor-col-100 elementor-top-column elementor-element elementor-element-4fb55a8\" data-id=\"4fb55a8\" data-element_type=\"column\">\n\t\t\t<div class=\"elementor-widget-wrap elementor-element-populated\">\n\t\t\t\t\t\t\t\t<div class=\"elementor-element elementor-element-1e7045f elementor-widget elementor-widget-Agent_Contact_Form\" data-id=\"1e7045f\" data-element_type=\"widget\" data-widget_type=\"Agent_Contact_Form.default\">\n\t\t\t\t<div class=\"elementor-widget-container\">\n\t\t\t<div class=\"wpestate_estate_property_design_agent  \"><div class=\"agent_contanct_form\"> <h4 id=\"show_contact\">Contact Me<\/h4><div class=\"schedule_meeting\">Schedule a showing?<\/div>\n        <div class=\"alert-box error\">\n          <div class=\"alert-message\" id=\"alert-agent-contact\"><\/div>\n        <\/div>\n\n        <div class=\"schedule_wrapper \"  style=\"display: none;\">\n            \n            <input name=\"schedule_day\" id=\"schedule_day\" type=\"text\"  placeholder=\"Day\" aria-required=\"true\" class=\"form-control\">\n\n            <select name=\"schedule_hour\" id=\"schedule_hour\" class=\"form-control\">\n                <option value=\"0\">Time<\/option><option value=\"7:00\">7:00<\/option><option value=\"7:15\">7:15<\/option><option value=\"7:30\">7:30<\/option><option value=\"7:45\">7:45<\/option><option value=\"8:00\">8:00<\/option><option value=\"8:15\">8:15<\/option><option value=\"8:30\">8:30<\/option><option value=\"8:45\">8:45<\/option><option value=\"9:00\">9:00<\/option><option value=\"9:15\">9:15<\/option><option value=\"9:30\">9:30<\/option><option value=\"9:45\">9:45<\/option><option value=\"10:00\">10:00<\/option><option value=\"10:15\">10:15<\/option><option value=\"10:30\">10:30<\/option><option value=\"10:45\">10:45<\/option><option value=\"11:00\">11:00<\/option><option value=\"11:15\">11:15<\/option><option value=\"11:30\">11:30<\/option><option value=\"11:45\">11:45<\/option><option value=\"12:00\">12:00<\/option><option value=\"12:15\">12:15<\/option><option value=\"12:30\">12:30<\/option><option value=\"12:45\">12:45<\/option><option value=\"13:00\">13:00<\/option><option value=\"13:15\">13:15<\/option><option value=\"13:30\">13:30<\/option><option value=\"13:45\">13:45<\/option><option value=\"14:00\">14:00<\/option><option value=\"14:15\">14:15<\/option><option value=\"14:30\">14:30<\/option><option value=\"14:45\">14:45<\/option><option value=\"15:00\">15:00<\/option><option value=\"15:15\">15:15<\/option><option value=\"15:30\">15:30<\/option><option value=\"15:45\">15:45<\/option><option value=\"16:00\">16:00<\/option><option value=\"16:15\">16:15<\/option><option value=\"16:30\">16:30<\/option><option value=\"16:45\">16:45<\/option><option value=\"17:00\">17:00<\/option><option value=\"17:15\">17:15<\/option><option value=\"17:30\">17:30<\/option><option value=\"17:45\">17:45<\/option><option value=\"18:00\">18:00<\/option><option value=\"18:15\">18:15<\/option><option value=\"18:30\">18:30<\/option><option value=\"18:45\">18:45<\/option><option value=\"19:00\">19:00<\/option><option value=\"19:15\">19:15<\/option><option value=\"19:30\">19:30<\/option><option value=\"19:45\">19:45<\/option>\n            <\/select>\n           \n        <\/div>\n\n        <div class=\"contact_form_flex_wrapper\">\n            <input name=\"contact_name\" id=\"agent_contact_name\" type=\"text\"  placeholder=\"Your Name\" aria-required=\"true\" class=\"form-control\">\n            <input type=\"text\" name=\"email\" class=\"form-control\" id=\"agent_user_email\" aria-required=\"true\" placeholder=\"Your Email\" >\n            <input type=\"text\" name=\"phone\"  class=\"form-control\" id=\"agent_phone\" placeholder=\"Your Phone\" >\n        <\/div>\n        <textarea id=\"agent_comment\" name=\"comment\" class=\"form-control\" cols=\"45\" rows=\"8\" aria-required=\"true\">I&#039;m interested in [  ]<\/textarea><div class=\"gpr_wrapper\"><input type=\"checkbox\" role=\"checkbox\" aria-checked=\"false\" id=\"wpestate_agree_gdpr\" class=\"wpestate_agree_gdpr\" name=\"wpestate_agree_gdpr\" \/>\n            <label for=\"wpestate_agree_gdpr\">I consent to the <a target=\"_blank\" href=\"https:\/\/unemaisonenprovence.ydu.fr\/politique-de-confidentialite\/\">GDPR Terms<\/a><\/label><\/div>\n        \n        <input type=\"submit\" class=\"wpresidence_button agent_submit_class\"  id=\"agent_submit\" value=\"Send Email\"><input type=\"submit\" class=\"wpresidence_button message_submit\"   value=\"Send Private Message\">\n            <div class=\" col-md-12 message_explaining\">You can reply to private messages from &quot;Inbox&quot; page in your user account.<\/div>\n        <input name=\"prop_id\" type=\"hidden\"  id=\"agent_property_id\" value=\"18983\">\n        <input name=\"prop_id\" type=\"hidden\"  id=\"agent_id\" value=\"0\">\n        <input type=\"hidden\" name=\"contact_ajax_nonce\" id=\"agent_property_ajax_nonce\"  value=\"2210167e5e\" \/><\/div><\/div>\t\t<\/div>\n\t\t\t\t<\/div>\n\t\t\t\t\t<\/div>\n\t\t<\/div>\n\t\t\t\t\t\t\t<\/div>\n\t\t<\/section>\n\t\t\t\t<section class=\"elementor-section elementor-top-section elementor-element elementor-element-abf13a3 elementor-section-boxed elementor-section-height-default elementor-section-height-default\" data-id=\"abf13a3\" data-element_type=\"section\">\n\t\t\t\t\t\t<div class=\"elementor-container elementor-column-gap-default\">\n\t\t\t\t\t<div class=\"elementor-column elementor-col-100 elementor-top-column elementor-element elementor-element-0cbac48\" data-id=\"0cbac48\" data-element_type=\"column\">\n\t\t\t<div class=\"elementor-widget-wrap\">\n\t\t\t\t\t\t\t\t\t<\/div>\n\t\t<\/div>\n\t\t\t\t\t\t\t<\/div>\n\t\t<\/section>\n\t\t\t\t<section class=\"elementor-section elementor-top-section elementor-element elementor-element-b544da2 elementor-section-boxed elementor-section-height-default elementor-section-height-default\" data-id=\"b544da2\" data-element_type=\"section\">\n\t\t\t\t\t\t<div class=\"elementor-container elementor-column-gap-default\">\n\t\t\t\t\t<div class=\"elementor-column elementor-col-100 elementor-top-column elementor-element elementor-element-2cf79b2\" data-id=\"2cf79b2\" data-element_type=\"column\">\n\t\t\t<div class=\"elementor-widget-wrap elementor-element-populated\">\n\t\t\t\t\t\t\t\t<div class=\"elementor-element elementor-element-7579123 elementor-widget elementor-widget-text-editor\" data-id=\"7579123\" data-element_type=\"widget\" data-widget_type=\"text-editor.default\">\n\t\t\t\t<div class=\"elementor-widget-container\">\n\t\t\t\t\t\t\t<p>Legislation: In accordance with the Data Protection Act No. 78-17 of January 6, 1978, you have the right to access and rectify data concerning you.<\/p>\n<p>David Feraux, real estate agent and manager of the real estate agency &#8216;une maison en Provence&#8217; in Villeneuve les Avignon, will contact you as soon as possible.<\/p>\n\t\t\t\t\t\t<\/div>\n\t\t\t\t<\/div>\n\t\t\t\t\t<\/div>\n\t\t<\/div>\n\t\t\t\t\t\t\t<\/div>\n\t\t<\/section>\n\t\t\t\t\t\t\t<\/div>\n\t\t","protected":false},"excerpt":{"rendered":"<p>Please kindly complete this form carefully so that we can process your message&#8230; Contactez moi Cliquez pour une Visio-Pr\u00e9sentation Heure7:007:157:307:458:008:158:308:459:009:159:309:4510:0010:1510:3010:4511:0011:1511:3011:4512:0012:1512:3012:4513:0013:1513:3013:4514:0014:1514:3014:4515:0015:1515:3015:4516:0016:1516:3016:4517:0017:1517:3017:4518:0018:1518:3018:4519:0019:1519:3019:45 je suis int\u00e9resse par [ ] J&#039;accepte les Termes RGPD Vous pouvez r\u00e9pondre aux messages priv\u00e9s depuis la page &quot;Bo\u00eete de r\u00e9ception&quot; de votre compte utilisateur. Legislation: In accordance with the Data Protection Act No. 78-17 of January 6, 1978, you have the right &#8230;<\/p>\n","protected":false},"author":2,"featured_media":0,"parent":0,"menu_order":0,"comment_status":"closed","ping_status":"open","template":"contact_page.php","meta":{"inline_featured_image":false,"footnotes":""},"acf":[],"_links":{"self":[{"href":"https:\/\/unemaisonenprovence.ydu.fr\/en\/wp-json\/wp\/v2\/pages\/45481"}],"collection":[{"href":"https:\/\/unemaisonenprovence.ydu.fr\/en\/wp-json\/wp\/v2\/pages"}],"about":[{"href":"https:\/\/unemaisonenprovence.ydu.fr\/en\/wp-json\/wp\/v2\/types\/page"}],"author":[{"embeddable":true,"href":"https:\/\/unemaisonenprovence.ydu.fr\/en\/wp-json\/wp\/v2\/users\/2"}],"replies":[{"embeddable":true,"href":"https:\/\/unemaisonenprovence.ydu.fr\/en\/wp-json\/wp\/v2\/comments?post=45481"}],"version-history":[{"count":7,"href":"https:\/\/unemaisonenprovence.ydu.fr\/en\/wp-json\/wp\/v2\/pages\/45481\/revisions"}],"predecessor-version":[{"id":49335,"href":"https:\/\/unemaisonenprovence.ydu.fr\/en\/wp-json\/wp\/v2\/pages\/45481\/revisions\/49335"}],"wp:attachment":[{"href":"https:\/\/unemaisonenprovence.ydu.fr\/en\/wp-json\/wp\/v2\/media?parent=45481"}],"curies":[{"name":"wp","href":"https:\/\/api.w.org\/{rel}","templated":true}]}}